{"id":15,"date":"2024-07-25T09:11:44","date_gmt":"2024-07-25T09:11:44","guid":{"rendered":"https:\/\/www.sebesta-lab.org\/?page_id=15"},"modified":"2024-07-25T09:11:44","modified_gmt":"2024-07-25T09:11:44","slug":"publications","status":"publish","type":"page","link":"https:\/\/www.sebesta-lab.org\/?page_id=15","title":{"rendered":"Publications"},"content":{"rendered":"\n<p><strong>2024<\/strong><\/p>\n\n\n\n<p>118. Fluorinated Chiral Pyrans Obtained via Mechanochemical Organocatalytic Michael\/oxa-Michael Cascade. K. Stankovianska, V. N\u00e9methov\u00e1, T. Pe\u0148a\u0161ka, J. Borko, M. Me\u010diarov\u00e1, R. \u0160ebesta, <em>Eur. J. Org. Chem<\/em>. <strong>2024<\/strong>, e202400588. (<a href=\"https:\/\/doi.org\/10.1002\/ejoc.202400588\">https:\/\/doi.org\/10.1002\/ejoc.202400588<\/a>)<\/p>\n\n\n\n<p>117. Organocatalytic Mannich type reactions of glyoxylate imines and related compounds. P. \u0160ramel, R. \u0160ebesta, <em>Tetrahedron Lett<\/em>. <strong>2024<\/strong>, <em>143<\/em>, 155129. (<a href=\"https:\/\/doi.org\/10.1016\/j.tetlet.2024.155129\">https:\/\/doi.org\/10.1016\/j.tetlet.2024.155129<\/a>)<\/p>\n\n\n\n<p>116. Persistent guaiazulene arylmethylium ions as electrophilic traps for metal enolates. P. Kissz\u00e9kelyi, B. Mudr\u00e1kov\u00e1, M. Cig\u00e1\u0148, R. \u0160ebesta, <em>Chem. Commun<\/em>. <strong>2024<\/strong>, <em>60<\/em>, 3339 \u2013 3342. (<a href=\"https:\/\/doi.org\/10.1039\/D4CC00208C\">https:\/\/doi.org\/10.1039\/D4CC00208C<\/a>)<\/p>\n\n\n\n<p>115. Comparison of Diastereoselective ortho-Metalations and C\u2013H \u00adActivations of Chiral Ferrocenes. T. \u010carn\u00fd, R. \u0160ebesta, <em>Synlett<\/em> <strong>2024<\/strong>, 35, 165-182. (<a href=\"https:\/\/www.thieme-connect.de\/products\/ejournals\/abstract\/10.1055\/a-2089-4934\">https:\/\/www.thieme-connect.de\/products\/ejournals\/abstract\/10.1055\/a-2089-4934<\/a>)<\/p>\n\n\n\n<p><strong>2023<\/strong><\/p>\n\n\n\n<p>114. Mechanochemical Pd-Catalyzed Amino- and Oxycarbonylations using FeBr<sub>2<\/sub>(CO)<sub>4<\/sub> as a CO Source. T. \u010carn\u00fd, P. Kissz\u00e9kelyi, M. Markovi\u010d, T. Gracza, P. Ko\u00f3\u0161, R. \u0160ebesta, <em>Org. Lett.<\/em> <strong>2023<\/strong>, <em>25<\/em>, 8617\u20138621. (<a href=\"https:\/\/doi.org\/10.1021\/acs.orglett.3c03440\">https:\/\/doi.org\/10.1021\/acs.orglett.3c03440<\/a>)<\/p>\n\n\n\n<p>113. Asymmetric tandem conjugate addition and reaction with carbocations on acylimidazole Michael acceptors. B. Mudr\u00e1kov\u00e1, R. M. de Figueiredo, J.-M. Campagne, R. \u0160ebesta, <em>Beilstein J. Org. Chem<\/em>. <strong>2023<\/strong>, <em>19<\/em>, 881-888. (<a href=\"https:\/\/doi.org\/10.3762\/bjoc.19.65\">https:\/\/doi.org\/10.3762\/bjoc.19.65<\/a>)<\/p>\n\n\n\n<p>112. Enolates ambushed \u2013 asymmetric tandem conjugate addition and subsequent enolate trapping with conventional and less traditional electrophiles. P. Kissz\u00e9kelyi; R. \u0160ebesta, <em>Beilstein J. Org. Chem<\/em>. <strong>2023<\/strong>, <em>19<\/em>, 593\u2013634. (<a href=\"https:\/\/doi.org\/10.3762\/bjoc.19.44\">https:\/\/doi.org\/10.3762\/bjoc.19.44<\/a>)<\/p>\n\n\n\n<p>111. Asymmetric organocatalysis under mechanochemical conditions. V. Nemethov\u00e1, D. Kri\u0161tof\u00edkov\u00e1, M. Me\u010diarov\u00e1, R. \u0160ebesta, <em>Chem. Rec<\/em>. <strong>2023<\/strong>, e202200283. (https:\/\/doi.org\/10.1002\/tcr.202200283)<\/p>\n\n\n\n<p>110. Mechanochemical Radical Boronation of Aryl Diazonium Salts Promoted by Sodium Chloride. S. Andrej\u010d\u00e1k, P. Kissz\u00e9kelyi, M. M\u00e1jek, R. \u0160ebesta, <em>Eur. J. Org. Chem<\/em>. <strong>2023<\/strong>, e202201399. (<a href=\"https:\/\/doi.org\/10.1002\/ejoc.202201399\">https:\/\/doi.org\/10.1002\/ejoc.202201399<\/a>)<\/p>\n","protected":false},"excerpt":{"rendered":"<p>2024 118. Fluorinated Chiral Pyrans Obtained via Mechanochemical Organocatalytic Michael\/oxa-Michael Cascade. K. Stankovianska, V. N\u00e9methov\u00e1, T. Pe\u0148a\u0161ka, J. Borko, M. Me\u010diarov\u00e1, R. \u0160ebesta, Eur. J. Org. Chem. 2024, e202400588. (https:\/\/doi.org\/10.1002\/ejoc.202400588) 117. Organocatalytic Mannich type reactions of glyoxylate imines and related compounds. P. \u0160ramel, R. \u0160ebesta, Tetrahedron Lett. 2024, 143, 155129. (https:\/\/doi.org\/10.1016\/j.tetlet.2024.155129) 116. Persistent guaiazulene arylmethylium [&hellip;]<\/p>\n","protected":false},"author":1,"featured_media":0,"parent":0,"menu_order":0,"comment_status":"closed","ping_status":"closed","template":"","meta":{"_monsterinsights_skip_tracking":false,"_monsterinsights_sitenote_active":false,"_monsterinsights_sitenote_note":"","_monsterinsights_sitenote_category":0,"footnotes":""},"yoast_head":"<!-- This site is optimized with the Yoast SEO plugin v23.1 - https:\/\/yoast.com\/wordpress\/plugins\/seo\/ -->\n<title>Publications - Sebesta Lab<\/title>\n<meta name=\"robots\" content=\"index, follow, max-snippet:-1, max-image-preview:large, max-video-preview:-1\" \/>\n<link rel=\"canonical\" href=\"https:\/\/www.sebesta-lab.org\/?page_id=15\" \/>\n<meta property=\"og:locale\" content=\"en_US\" \/>\n<meta property=\"og:type\" content=\"article\" \/>\n<meta property=\"og:title\" content=\"Publications - Sebesta Lab\" \/>\n<meta property=\"og:description\" content=\"2024 118. Fluorinated Chiral Pyrans Obtained via Mechanochemical Organocatalytic Michael\/oxa-Michael Cascade. K. Stankovianska, V. N\u00e9methov\u00e1, T. Pe\u0148a\u0161ka, J. Borko, M. Me\u010diarov\u00e1, R. \u0160ebesta, Eur. J. Org. Chem. 2024, e202400588. (https:\/\/doi.org\/10.1002\/ejoc.202400588) 117. Organocatalytic Mannich type reactions of glyoxylate imines and related compounds. P. \u0160ramel, R. \u0160ebesta, Tetrahedron Lett. 2024, 143, 155129. (https:\/\/doi.org\/10.1016\/j.tetlet.2024.155129) 116. Persistent guaiazulene arylmethylium [&hellip;]\" \/>\n<meta property=\"og:url\" content=\"https:\/\/www.sebesta-lab.org\/?page_id=15\" \/>\n<meta property=\"og:site_name\" content=\"Sebesta Lab\" \/>\n<meta name=\"twitter:card\" content=\"summary_large_image\" \/>\n<meta name=\"twitter:label1\" content=\"Est. reading time\" \/>\n\t<meta name=\"twitter:data1\" content=\"2 minutes\" \/>\n<script type=\"application\/ld+json\" class=\"yoast-schema-graph\">{\"@context\":\"https:\/\/schema.org\",\"@graph\":[{\"@type\":\"WebPage\",\"@id\":\"https:\/\/www.sebesta-lab.org\/?page_id=15\",\"url\":\"https:\/\/www.sebesta-lab.org\/?page_id=15\",\"name\":\"Publications - Sebesta Lab\",\"isPartOf\":{\"@id\":\"https:\/\/www.sebesta-lab.org\/#website\"},\"datePublished\":\"2024-07-25T09:11:44+00:00\",\"dateModified\":\"2024-07-25T09:11:44+00:00\",\"breadcrumb\":{\"@id\":\"https:\/\/www.sebesta-lab.org\/?page_id=15#breadcrumb\"},\"inLanguage\":\"en-US\",\"potentialAction\":[{\"@type\":\"ReadAction\",\"target\":[\"https:\/\/www.sebesta-lab.org\/?page_id=15\"]}]},{\"@type\":\"BreadcrumbList\",\"@id\":\"https:\/\/www.sebesta-lab.org\/?page_id=15#breadcrumb\",\"itemListElement\":[{\"@type\":\"ListItem\",\"position\":1,\"name\":\"Home\",\"item\":\"https:\/\/www.sebesta-lab.org\/\"},{\"@type\":\"ListItem\",\"position\":2,\"name\":\"Publications\"}]},{\"@type\":\"WebSite\",\"@id\":\"https:\/\/www.sebesta-lab.org\/#website\",\"url\":\"https:\/\/www.sebesta-lab.org\/\",\"name\":\"Sebesta Lab\",\"description\":\"\",\"potentialAction\":[{\"@type\":\"SearchAction\",\"target\":{\"@type\":\"EntryPoint\",\"urlTemplate\":\"https:\/\/www.sebesta-lab.org\/?s={search_term_string}\"},\"query-input\":\"required name=search_term_string\"}],\"inLanguage\":\"en-US\"}]}<\/script>\n<!-- \/ Yoast SEO plugin. -->","yoast_head_json":{"title":"Publications - Sebesta Lab","robots":{"index":"index","follow":"follow","max-snippet":"max-snippet:-1","max-image-preview":"max-image-preview:large","max-video-preview":"max-video-preview:-1"},"canonical":"https:\/\/www.sebesta-lab.org\/?page_id=15","og_locale":"en_US","og_type":"article","og_title":"Publications - Sebesta Lab","og_description":"2024 118. Fluorinated Chiral Pyrans Obtained via Mechanochemical Organocatalytic Michael\/oxa-Michael Cascade. K. Stankovianska, V. N\u00e9methov\u00e1, T. Pe\u0148a\u0161ka, J. Borko, M. Me\u010diarov\u00e1, R. \u0160ebesta, Eur. J. Org. Chem. 2024, e202400588. (https:\/\/doi.org\/10.1002\/ejoc.202400588) 117. Organocatalytic Mannich type reactions of glyoxylate imines and related compounds. P. \u0160ramel, R. \u0160ebesta, Tetrahedron Lett. 2024, 143, 155129. (https:\/\/doi.org\/10.1016\/j.tetlet.2024.155129) 116. Persistent guaiazulene arylmethylium [&hellip;]","og_url":"https:\/\/www.sebesta-lab.org\/?page_id=15","og_site_name":"Sebesta Lab","twitter_card":"summary_large_image","twitter_misc":{"Est. reading time":"2 minutes"},"schema":{"@context":"https:\/\/schema.org","@graph":[{"@type":"WebPage","@id":"https:\/\/www.sebesta-lab.org\/?page_id=15","url":"https:\/\/www.sebesta-lab.org\/?page_id=15","name":"Publications - Sebesta Lab","isPartOf":{"@id":"https:\/\/www.sebesta-lab.org\/#website"},"datePublished":"2024-07-25T09:11:44+00:00","dateModified":"2024-07-25T09:11:44+00:00","breadcrumb":{"@id":"https:\/\/www.sebesta-lab.org\/?page_id=15#breadcrumb"},"inLanguage":"en-US","potentialAction":[{"@type":"ReadAction","target":["https:\/\/www.sebesta-lab.org\/?page_id=15"]}]},{"@type":"BreadcrumbList","@id":"https:\/\/www.sebesta-lab.org\/?page_id=15#breadcrumb","itemListElement":[{"@type":"ListItem","position":1,"name":"Home","item":"https:\/\/www.sebesta-lab.org\/"},{"@type":"ListItem","position":2,"name":"Publications"}]},{"@type":"WebSite","@id":"https:\/\/www.sebesta-lab.org\/#website","url":"https:\/\/www.sebesta-lab.org\/","name":"Sebesta Lab","description":"","potentialAction":[{"@type":"SearchAction","target":{"@type":"EntryPoint","urlTemplate":"https:\/\/www.sebesta-lab.org\/?s={search_term_string}"},"query-input":"required name=search_term_string"}],"inLanguage":"en-US"}]}},"_links":{"self":[{"href":"https:\/\/www.sebesta-lab.org\/index.php?rest_route=\/wp\/v2\/pages\/15"}],"collection":[{"href":"https:\/\/www.sebesta-lab.org\/index.php?rest_route=\/wp\/v2\/pages"}],"about":[{"href":"https:\/\/www.sebesta-lab.org\/index.php?rest_route=\/wp\/v2\/types\/page"}],"author":[{"embeddable":true,"href":"https:\/\/www.sebesta-lab.org\/index.php?rest_route=\/wp\/v2\/users\/1"}],"replies":[{"embeddable":true,"href":"https:\/\/www.sebesta-lab.org\/index.php?rest_route=%2Fwp%2Fv2%2Fcomments&post=15"}],"version-history":[{"count":4,"href":"https:\/\/www.sebesta-lab.org\/index.php?rest_route=\/wp\/v2\/pages\/15\/revisions"}],"predecessor-version":[{"id":48,"href":"https:\/\/www.sebesta-lab.org\/index.php?rest_route=\/wp\/v2\/pages\/15\/revisions\/48"}],"wp:attachment":[{"href":"https:\/\/www.sebesta-lab.org\/index.php?rest_route=%2Fwp%2Fv2%2Fmedia&parent=15"}],"curies":[{"name":"wp","href":"https:\/\/api.w.org\/{rel}","templated":true}]}}